{"id":2,"date":"2021-11-29T06:05:05","date_gmt":"2021-11-29T06:05:05","guid":{"rendered":"https:\/\/li.umlauts.de\/?page_id=2"},"modified":"2021-11-30T08:21:49","modified_gmt":"2021-11-30T08:21:49","slug":"sample-page","status":"publish","type":"page","link":"https:\/\/li.umlauts.de\/?page_id=2","title":{"rendered":"Kontakt"},"content":{"rendered":"\n<p>@sventetzlaff@literatur.social (<a href=\"https:\/\/literatur.social\/@sventetzlaff\" target=\"_blank\" rel=\"noreferrer noopener\">Mastodon<\/a>)<br><a href=\"mailto:sven.tetzlaff@umlauts.de\" target=\"_blank\" rel=\"noreferrer noopener\">sven.tetzlaff@umlauts.de<\/a><\/p>\n\n\n\n<p>Ihr k\u00f6nnt mich auch jederzeit \u00fcber die Kommentarfunktion erreichen.<\/p>\n\n\n\n<p><strong><em>PODCASTS<\/em><\/strong><br>Major Li: <a href=\"https:\/\/li.umlauts.de\" target=\"_blank\" rel=\"noreferrer noopener\">https:\/\/li.umlauts.de<\/a><br>Malatang: <a href=\"https:\/\/malatang.umlauts.de\" target=\"_blank\" rel=\"noreferrer noopener\">https:\/\/malatang.umlauts.de<\/a><br>Umlauts Diary: <a href=\"https:\/\/umlautsdiary.wordpress.com\" target=\"_blank\" rel=\"noreferrer noopener\">https:\/\/umlautsdiary.wordpress.com<\/a><br>Umlauts Are Overestimated: <a href=\"https:\/\/podcast.umlauts.de\" target=\"_blank\" rel=\"noreferrer noopener\">https:\/\/podcast.umlauts.de<\/a><\/p>\n\n\n\n<p><strong><em>BOOK<\/em><\/strong> <br><a rel=\"noreferrer noopener\" href=\"https:\/\/shop.tredition.com\/booktitle\/Li_und_der_Schatz\/W-1_141820\" target=\"_blank\">Tredition<\/a>, <a rel=\"noreferrer noopener\" href=\"https:\/\/amzn.to\/3o8dAUx\" target=\"_blank\">Amazon<\/a> &#8230; <a href=\"https:\/\/www.google.de\/search?q=ISBN+9783347158252&amp;newwindow=1\">ISBN 9783347158252<\/a><\/p>\n\n\n\n<p><strong><em>AUDIO BOOK<\/em><\/strong><br><a rel=\"noreferrer noopener\" href=\"https:\/\/cutt.ly\/liundderschatz\" target=\"_blank\">Xinxii<\/a>, <a rel=\"noreferrer noopener\" href=\"https:\/\/www.weltbild.de\/artikel\/hoerbuch-download\/li-und-der-schatz_36635367-1\" target=\"_blank\">Weltbild<\/a> &#8230; <a href=\"https:\/\/www.google.de\/search?q=ISBN+9783986461379&amp;newwindow=1\">ISBN 9783986461379<\/a><\/p>\n\n\n\n<p><strong><em>MORE INFO<\/em><\/strong><br><a href=\"https:\/\/umlauts.de\" target=\"_blank\" rel=\"noreferrer noopener\">https:\/\/umlauts.de<\/a><\/p>\n\n\n\n<p><strong><em>Haftungshinweis<\/em><\/strong><br>Trotz sorgf\u00e4ltiger inhaltlicher Kontrolle \u00fcbernehmen wir keine Haftung f\u00fcr die Inhalte externer Links. F\u00fcr den Inhalt der verlinkten Seiten sind ausschlie\u00dflich deren Betreiber verantwortlich.<\/p>\n\n\n\n<p>Soweit nicht anders gekennzeichnet, sind alle Bilder und Texte <strong>CC BY-NC-SA 4.0<\/strong> lizensiert. Weitere Infos zur Creative Commons Lizenz stehen in den allgemeinen <a rel=\"noreferrer noopener\" href=\"http:\/\/creativecommons.org\/licenses\/by-sa\/3.0\/de\/\" target=\"_blank\">Lizenzbedingungen.<\/a><\/p>\n","protected":false},"excerpt":{"rendered":"<p>@sventetzlaff@literatur.social (Mastodon)sven.tetzlaff@umlauts.de Ihr k\u00f6nnt mich auch jederzeit \u00fcber die Kommentarfunktion erreichen. PODCASTSMajor Li: https:\/\/li.umlauts.deMalatang: https:\/\/malatang.umlauts.deUmlauts Diary: https:\/\/umlautsdiary.wordpress.comUmlauts Are Overestimated: https:\/\/podcast.umlauts.de BOOK Tredition, Amazon &#8230; ISBN 9783347158252 AUDIO BOOKXinxii, Weltbild &#8230; ISBN 9783986461379 MORE INFOhttps:\/\/umlauts.de HaftungshinweisTrotz sorgf\u00e4ltiger inhaltlicher Kontrolle \u00fcbernehmen wir keine Haftung f\u00fcr die Inhalte externer Links. F\u00fcr den Inhalt der verlinkten Seiten sind ausschlie\u00dflich&#8230;<\/p>\n","protected":false},"author":1,"featured_media":0,"parent":0,"menu_order":0,"comment_status":"closed","ping_status":"open","template":"","meta":{"footnotes":""},"class_list":["post-2","page","type-page","status-publish","hentry"],"_links":{"self":[{"href":"https:\/\/li.umlauts.de\/index.php?rest_route=\/wp\/v2\/pages\/2","targetHints":{"allow":["GET"]}}],"collection":[{"href":"https:\/\/li.umlauts.de\/index.php?rest_route=\/wp\/v2\/pages"}],"about":[{"href":"https:\/\/li.umlauts.de\/index.php?rest_route=\/wp\/v2\/types\/page"}],"author":[{"embeddable":true,"href":"https:\/\/li.umlauts.de\/index.php?rest_route=\/wp\/v2\/users\/1"}],"replies":[{"embeddable":true,"href":"https:\/\/li.umlauts.de\/index.php?rest_route=%2Fwp%2Fv2%2Fcomments&post=2"}],"version-history":[{"count":4,"href":"https:\/\/li.umlauts.de\/index.php?rest_route=\/wp\/v2\/pages\/2\/revisions"}],"predecessor-version":[{"id":29,"href":"https:\/\/li.umlauts.de\/index.php?rest_route=\/wp\/v2\/pages\/2\/revisions\/29"}],"wp:attachment":[{"href":"https:\/\/li.umlauts.de\/index.php?rest_route=%2Fwp%2Fv2%2Fmedia&parent=2"}],"curies":[{"name":"wp","href":"https:\/\/api.w.org\/{rel}","templated":true}]}}